{"id":240,"date":"2020-05-30T01:30:52","date_gmt":"2020-05-30T01:30:52","guid":{"rendered":"https:\/\/colegiojmoncada.edu.ec\/index.php\/materialis\/"},"modified":"2023-12-09T16:17:34","modified_gmt":"2023-12-09T21:17:34","slug":"materialis","status":"publish","type":"page","link":"https:\/\/colegiojmoncada.edu.ec\/","title":{"rendered":"Front Page"},"content":{"rendered":"<!-- wp:extendstudio\/materialis--><div  id=\"overlappable-8\" style=\"background-color: #f5fafd;\" data-label=\"Overlappable\" data-id=\"overlappable-5-materialis\" data-export-id=\"overlappable-5-materialis\" data-category=\"overlappable\" class=\"overlappable-5-materialis content-section content-section-spacing-large\" data-overlap=\"true\"><div  class=\"gridContainer\"> <div  data-type=\"row\" class=\"row spaced-cols \"><div  class=\"col-xs-12 col-sm-6 col-md-4 \"> <div  class=\"card mdc-elevation--z3 row-card\"><div  class=\"row\"> <div  class=\"col-xs-12 col-sm-fit icon-col\" data-fixed=\"true\"><i  class=\"color1 icon mdi mdi-account-check reverse round big\"><\/i><\/div> <div  class=\"col-xs-12 col-sm\" data-type=\"column\"><h4  class=\"color-black\">Ser<\/h4> <p  class=\"\">Para desarrollar las potencialidades individuales, adquirir la capacidad de autonom\u00eda, de juicio y de responsabilidad personal.<\/p><\/div> <\/div><\/div> <\/div> <div  class=\"col-xs-12 col-sm-6 col-md-4 \"> <div  class=\"card mdc-elevation--z3 row-card\"> <div  class=\"row\"> <div  class=\"col-xs-12 col-sm-fit icon-col\" data-fixed=\"true\"> <i  class=\"color1 icon mdi mdi-account-edit reverse round big\"><\/i><\/div> <div  class=\"col-xs-12 col-sm\" data-type=\"column\"><h4  class=\"color-black\">Conocer<\/h4> <p  class=\"\">Para adquirir la capacidad de aprender, explorar y comprender el mundo.<\/p><\/div> <\/div><\/div> <\/div> <div  class=\"col-xs-12 col-sm-6 col-md-4 \"> <div  class=\"card mdc-elevation--z3 row-card\"> <div  class=\"row\"> <div  class=\"col-xs-12 col-sm-fit icon-col\" data-fixed=\"true\"> <i  class=\"color1 icon mdi mdi-account-settings-variant reverse round big\"><\/i><\/div> <div  class=\"col-xs-12 col-sm\" data-type=\"column\"><h4  class=\"color-black\">Crecer<\/h4> <p  class=\"\">Para ser mejor persona, lograr sus metas servir y alcanzar su trascedencia espiritual<\/p><\/div> <\/div><\/div> <\/div><\/div> <\/div><\/div><!-- \/wp:extendstudio\/materialis--><!-- wp:extendstudio\/materialis--><div  id=\"content-24\" style=\"background-color: #f5fafd;\" data-label=\"Content\" data-id=\"content-7-materialis\" data-export-id=\"content-7-materialis\" data-category=\"content\" class=\"content-7m content-section-spacing-large content-section\"><div  class=\"gridContainer\"> <div  class=\"row middle-sm\"><div  class=\"col-md-6 col-xs-12 col-sm-6 col-padding-small-xs\"> <img decoding=\"async\"  class=\"mdc-elevation--z13 img-rounded\" src=\"https:\/\/colegiojmoncada.edu.ec\/wp-content\/uploads\/2018\/10\/cropped-778d708c-abd3-4520-8b53-c4c8e6bc559e.jpg\"><\/div> <div  class=\"col-md-5 col-md-offset-1 col-xs-12 col-sm-6 content-left-sm col-padding-small-xs\" data-type=\"column\"><h6  class=\"upper\">rese\u00f1a hist\u00f3rica<\/h6>  <p  class=\"space-top\">El Ministerio de Educaci\u00f3n expide el Acuerdo N\u00ba 1851\/09, el 13 de abril del 2009, mediante el cual otorga la autorizaci\u00f3n de funcionamiento del Colegio a Distancia Jos\u00e9 Moncada S\u00e1nchez como un reconocimiento a sus fundadores y a su Patrono: maestros de vocaci\u00f3n y profesi\u00f3n.<\/p> <a href=\"https:\/\/colegiojmoncada.edu.ec\/index.php\/historia\" class=\"button read-more link color1 space-top negative-margin mdc-ripple-upgraded\" target=\"_blank\" data-cp-link=\"1\" rel=\"noopener noreferrer\">Leer mas<i  class=\"mdi mdi-arrow-right-thick read-more-icon\"><\/i><\/a><\/div> <\/div><\/div> <\/div><!-- \/wp:extendstudio\/materialis--><!-- wp:extendstudio\/materialis--><div  id=\"testimonials-2\" style=\"background-color: #ffffff;\" data-label=\"Testimonials\" data-id=\"testimonials-1-materialis\" data-export-id=\"testimonials-1-materialis\" data-category=\"testimonials\" class=\"testimonials-1m content-section content-section-spacing\"><div  class=\"gridContainer\"> <div  class=\"row space-bottom-small\"><div  data-type=\"column\" class=\"section-title-col\"> <h2  class=\"\">Testimonios<\/h2> <p  class=\"lead\">Nuestos estudiantes.<\/p><\/div> <\/div> <div  class=\"row spaced-cols content-left-sm\" data-type=\"row\"> <div  class=\"col-xs-12 col-sm-4 col-md-4\"> <div  class=\"card mdc-elevation--z3 small-padding no-border\"> <div  class=\"row space-bottom-small\"> <div  class=\"testimonial-body col-xs-12\" data-type=\"column\"> <p  class=\"\">Lo que diga<\/p><\/div> <\/div> <div  class=\"row middle-xs f-align\"> <div  class=\"col-xs-fit col-sm-12 col-md-fit space-bottom-image\" data-fixed=\"true\"> <img decoding=\"async\"  data-fixed-elevation=\"true\" class=\"round image-70 mdc-elevation--z3\" src=\"https:\/\/colegiojmoncada.edu.ec\/wp-content\/plugins\/materialis-companion\/theme-data\/materialis\/sections\/images\/team-8.jpg\"><\/div> <div  class=\"col-xs-fit col-sm-12 col-md-fit info no-padding-left\" data-type=\"column\"><h6  class=\"font-700\">Alumno 1<\/h6> <p  class=\"small font-300\">CJMS<\/p><\/div> <\/div><\/div> <\/div> <div  class=\"col-xs-12 col-sm-4 col-md-4\"> <div  class=\"card mdc-elevation--z3 small-padding no-border\"> <div  class=\"row space-bottom-small\"> <div  class=\"testimonial-body col-xs-12\" data-type=\"column\"> <p  class=\"\">Lo que diga<\/p><\/div> <\/div> <div  class=\"row middle-xs f-align\"> <div  class=\"col-xs-fit col-sm-12 col-md-fit space-bottom-image\" data-fixed=\"true\"> <img decoding=\"async\"  data-fixed-elevation=\"true\" class=\"round image-70 mdc-elevation--z3\" src=\"https:\/\/colegiojmoncada.edu.ec\/wp-content\/plugins\/materialis-companion\/theme-data\/materialis\/sections\/images\/team-1.jpg\"><\/div> <div  class=\"col-xs-fit col-sm-12 col-md-fit info no-padding-left\" data-type=\"column\"><h6  class=\"font-700\">Alumno 2<\/h6> <p  class=\"small font-300\">CJMS<\/p><\/div> <\/div><\/div> <\/div> <div  class=\"col-xs-12 col-sm-4 col-md-4\"> <div  class=\"card mdc-elevation--z3 small-padding no-border\"> <div  class=\"row space-bottom-small\"> <div  class=\"testimonial-body col-xs-12\" data-type=\"column\"> <p  class=\"\">Lo que diga<\/p><\/div> <\/div> <div  class=\"row middle-xs f-align\"> <div  class=\"col-xs-fit col-sm-12 col-md-fit space-bottom-image\" data-fixed=\"true\"> <img decoding=\"async\"  data-fixed-elevation=\"true\" class=\"round image-70 mdc-elevation--z3\" src=\"https:\/\/colegiojmoncada.edu.ec\/wp-content\/plugins\/materialis-companion\/theme-data\/materialis\/sections\/images\/team-7.jpg\"><\/div> <div  class=\"col-xs-fit col-sm-12 col-md-fit info no-padding-left\" data-type=\"column\"><h6  class=\"font-700\">Alumno 2<\/h6> <p  class=\"small font-300\">CJMS<\/p><\/div> <\/div><\/div> <\/div><\/div> <\/div><\/div><!-- \/wp:extendstudio\/materialis--><!-- wp:extendstudio\/materialis--><div  id=\"team-7\" style=\"background-color: #ffffff;\" data-label=\"Team\" data-id=\"team-8-materialis\" data-export-id=\"team-8-materialis\" data-category=\"team\" class=\"team-8m content-section content-section-spacing-large\"><div  class=\"gridContainer\"> <div  class=\"row space-bottom\"><div  class=\"section-title-col\" data-type=\"column\"> <h2  class=\"\">Nuestros Profesores<\/h2> <p  class=\"lead\">Tutores con formaci\u00f3n y experiencia docente en educaci\u00f3n virtual<\/p><\/div> <\/div> <div  class=\"row spaced-cols content-left-sm\" data-type=\"row\" data-max-items=\"4\"> <div  class=\"col-xs-12 col-sm-12 col-md-6\"> <div  class=\"row\"> <div  class=\"col-xs-12 col-sm-6 col-md-6\"> <div  class=\"card mdc-elevation--z3 no-radius image-holder\" data-fixed=\"true\"> <img decoding=\"async\"  class=\"face no-margin-bottom\" src=\"https:\/\/colegiojmoncada.edu.ec\/wp-content\/uploads\/2020\/05\/cropped-b934ba33-6d20-4a54-ab1e-33a3a41a3722-1-1.png\"><\/div> <\/div> <div  class=\"col-xs-12 col-sm-6 col-md-6 right-col\"> <div  data-type=\"column\" class=\"description-container use-section-text-color\"> <h4  class=\"no-margin-bottom\">Gustavo Maya<\/h4> <p  class=\"font-300\">Director Ejecutivo<\/p> <p  class=\"\">M\u00e1ster en formaci\u00f3n de profesorado por la Universidad Complutense de Madrid (2015)<br >\nM\u00e1ster en Educaci\u00f3n Ambiental por la Universidad Central del Ecuador (2005)<\/p> <div  class=\"social-icons-group col-no-padding\" data-type=\"group\"> <a  href=\"#\"><i  class=\"mdi mdi-facebook social-icon\"><\/i><\/a> <a  href=\"#\"><i  class=\"mdi mdi-twitter social-icon\"><\/i><\/a> <a  href=\"#\"><i  class=\"mdi mdi-instagram social-icon\"><\/i><\/a> <a  href=\"#\"><i  class=\"mdi mdi-rss social-icon\"><\/i><\/a><\/div> <\/div><\/div> <\/div><\/div> <div  class=\"col-xs-12 col-sm-12 col-md-6\"><div  class=\"row\"> <div  class=\"col-xs-12 col-sm-6 col-md-6\"><div  class=\"card mdc-elevation--z3 no-radius image-holder\" data-fixed=\"true\"> <img decoding=\"async\"  class=\"face no-margin-bottom\" src=\"https:\/\/colegiojmoncada.edu.ec\/wp-content\/uploads\/2020\/05\/cropped-38494712_10212248363145596_3445207324996665344_n-2.jpg\"><\/div> <\/div> <div  class=\"col-xs-12 col-sm-6 col-md-6 right-col\"> <div  data-type=\"column\" class=\"description-container use-section-text-color\"> <h4  class=\"no-margin-bottom\">Ricardo Maya<\/h4> <p  class=\"font-300\">Director TIC\u2019S<\/p> <p  class=\"\">Ingenierio en Sistemas Inform\u00e1ticos y de Computaci\u00f3n\n<br >Escuela Polit\u00e9cnica Nacional (2022)\n<br >AWS Certified Solutions Architect &#8211; Associate<\/p> <div  class=\"social-icons-group col-no-padding\" data-type=\"group\"> <a  href=\"#\"><i  class=\"mdi mdi-facebook social-icon\"><\/i><\/a> <a  href=\"#\"><i  class=\"mdi mdi-twitter social-icon\"><\/i><\/a> <a  href=\"#\"><i  class=\"mdi mdi-instagram social-icon\"><\/i><\/a> <a  href=\"#\"><i  class=\"mdi mdi-rss social-icon\"><\/i><\/a><\/div> <\/div><\/div> <\/div><\/div> <div  class=\"col-xs-12 col-sm-12 col-md-6\"><div  class=\"row\"> <div  class=\"col-xs-12 col-sm-6 col-md-6\"><div  class=\"card mdc-elevation--z3 no-radius image-holder\" data-fixed=\"true\"> <img decoding=\"async\"  class=\"face no-margin-bottom\" src=\"https:\/\/colegiojmoncada.edu.ec\/wp-content\/uploads\/2020\/05\/cropped-WhatsApp-Image-2020-05-29-at-21.38.06.jpeg\"><\/div> <\/div> <div  class=\"col-xs-12 col-sm-6 col-md-6 right-col\"> <div  data-type=\"column\" class=\"description-container use-section-text-color\"> <h4  class=\"no-margin-bottom\">Nora Hidalgo<\/h4> <p  class=\"font-300\">Rectora<\/p> <p  class=\"\">Licenciada en Educaci\u00f3n por la Universidad Central del Ecuador (2017)<\/p> <div  class=\"social-icons-group col-no-padding\" data-type=\"group\"> <a  href=\"#\"><i  class=\"mdi mdi-facebook social-icon\"><\/i><\/a> <a  href=\"#\"><i  class=\"mdi mdi-twitter social-icon\"><\/i><\/a> <a  href=\"#\"><i  class=\"mdi mdi-instagram social-icon\"><\/i><\/a> <a  href=\"#\"><i  class=\"mdi mdi-rss social-icon\"><\/i><\/a><\/div> <\/div><\/div> <\/div><\/div> <div  class=\"col-xs-12 col-sm-12 col-md-6\"><div  class=\"row\"> <div  class=\"col-xs-12 col-sm-6 col-md-6\"><div  class=\"card mdc-elevation--z3 no-radius image-holder\" data-fixed=\"true\"> <img decoding=\"async\"  class=\"face no-margin-bottom\" src=\"https:\/\/colegiojmoncada.edu.ec\/wp-content\/uploads\/2023\/12\/cropped-AnaMaya.jpg\"><\/div> <\/div> <div  class=\"col-xs-12 col-sm-6 col-md-6 right-col\"> <div  data-type=\"column\" class=\"description-container use-section-text-color\"> <h4  class=\"no-margin-bottom\">Ana Maya<\/h4> <p  class=\"font-300\">Abogada<\/p> <p  class=\"\">Abogada de los Tribunales y Jurado de la Republica (2022)\n<br >Universidad Central del Ecuador&nbsp;<\/p> <div  class=\"social-icons-group col-no-padding\" data-type=\"group\"> <a  href=\"#\"><i  class=\"mdi mdi-facebook social-icon\"><\/i><\/a> <a  href=\"#\"><i  class=\"mdi mdi-twitter social-icon\"><\/i><\/a> <a  href=\"#\"><i  class=\"mdi mdi-instagram social-icon\"><\/i><\/a> <a  href=\"#\"><i  class=\"mdi mdi-rss social-icon\"><\/i><\/a><\/div> <\/div><\/div> <\/div><\/div> <div  class=\"col-xs-12 col-sm-12 col-md-6\"> <div  class=\"row\"> <div  class=\"col-xs-12 col-sm-6 col-md-6\"> <div  class=\"card mdc-elevation--z3 no-radius image-holder\" data-fixed=\"true\"> <img decoding=\"async\"  class=\"face no-margin-bottom\" src=\"https:\/\/colegiojmoncada.edu.ec\/wp-content\/uploads\/2023\/12\/cropped-PabloMaya.jpg\"><\/div> <\/div> <div  class=\"col-xs-12 col-sm-6 col-md-6 right-col\"> <div  data-type=\"column\" class=\"description-container use-section-text-color\"> <h4  class=\"no-margin-bottom\">Pablo Maya<\/h4> <p  class=\"font-300\">Inspector<\/p> <p  class=\"\">Profesor de Educaci\u00f3n\n<br >Instituto Superior Pedag\u00f3gico<\/p> <div  class=\"social-icons-group col-no-padding\" data-type=\"group\"> <a  href=\"#\"><i  class=\"mdi mdi-facebook social-icon\"><\/i><\/a> <a  href=\"#\"><i  class=\"mdi mdi-twitter social-icon\"><\/i><\/a> <a  href=\"#\"><i  class=\"mdi mdi-instagram social-icon\"><\/i><\/a> <a  href=\"#\"><i  class=\"mdi mdi-rss social-icon\"><\/i><\/a><\/div> <\/div><\/div> <\/div><\/div><\/div><\/div> <\/div><!-- \/wp:extendstudio\/materialis--><!-- wp:extendstudio\/materialis--><div  id=\"contact-1\" data-label=\"Contact\" data-id=\"contact-1\" data-export-id=\"contact-1\" data-category=\"contact\" class=\"contact-1 content-section content-section-spacing-large content-relative white-text\" data-parallax-depth=\"20\"><div  class=\"gridContainer\"> <div  class=\"row text-center\"><div  class=\"section-title-col\" data-type=\"column\"> <h2  class=\"\">Contactos<\/h2> <p  class=\"lead\">Escribe tus inquietudes. Con gusto responderemos<\/p><\/div> <\/div> <div  class=\"row text-center\"> <div  class=\"col-xs-12 col-sm-8 col-sm-offset-2 contact-form-wrapper inline-info\"> <div  class=\"card mdc-elevation--z3 col-padding-top\"> <div  class=\"dark-text\" data-content-shortcode=\"materialis_contact_form shortcode=&quot;contact-form-7 id=&amp;amp;quot;302&amp;amp;quot; title=&amp;amp;quot;Formulario de contacto 1&amp;amp;quot;&quot;\" data-editable=\"true\">[contact-form-7 id=\"302\" title=\"Formulario de contacto 1\"]<\/div><\/div> <\/div><\/div> <\/div><\/div><!-- \/wp:extendstudio\/materialis-->","protected":false},"excerpt":{"rendered":"<p>Ser Para desarrollar las potencialidades individuales, adquirir la capacidad de autonom\u00eda, de juicio y de responsabilidad personal. Conocer Para adquirir la capacidad de aprender, explorar y comprender el mundo. Crecer Para ser mejor persona, lograr sus metas servir y alcanzar su trascedencia espiritual rese\u00f1a hist\u00f3rica El Ministerio de Educaci\u00f3n expide el Acuerdo N\u00ba 1851\/09, el&nbsp;&hellip;<\/p>\n","protected":false},"author":1,"featured_media":0,"parent":0,"menu_order":0,"comment_status":"closed","ping_status":"closed","template":"page-templates\/homepage.php","meta":{"footnotes":"","_joinchat":[]},"_links":{"self":[{"href":"https:\/\/colegiojmoncada.edu.ec\/index.php\/wp-json\/wp\/v2\/pages\/240"}],"collection":[{"href":"https:\/\/colegiojmoncada.edu.ec\/index.php\/wp-json\/wp\/v2\/pages"}],"about":[{"href":"https:\/\/colegiojmoncada.edu.ec\/index.php\/wp-json\/wp\/v2\/types\/page"}],"author":[{"embeddable":true,"href":"https:\/\/colegiojmoncada.edu.ec\/index.php\/wp-json\/wp\/v2\/users\/1"}],"replies":[{"embeddable":true,"href":"https:\/\/colegiojmoncada.edu.ec\/index.php\/wp-json\/wp\/v2\/comments?post=240"}],"version-history":[{"count":12,"href":"https:\/\/colegiojmoncada.edu.ec\/index.php\/wp-json\/wp\/v2\/pages\/240\/revisions"}],"predecessor-version":[{"id":401,"href":"https:\/\/colegiojmoncada.edu.ec\/index.php\/wp-json\/wp\/v2\/pages\/240\/revisions\/401"}],"wp:attachment":[{"href":"https:\/\/colegiojmoncada.edu.ec\/index.php\/wp-json\/wp\/v2\/media?parent=240"}],"curies":[{"name":"wp","href":"https:\/\/api.w.org\/{rel}","templated":true}]}}