{"id":81,"date":"2015-09-14T03:44:10","date_gmt":"2015-09-14T03:44:10","guid":{"rendered":"http:\/\/colegiojmoncada.edu.ec\/?page_id=81"},"modified":"2020-05-29T23:49:37","modified_gmt":"2020-05-29T23:49:37","slug":"inscripcion-y-matricula","status":"publish","type":"page","link":"https:\/\/colegiojmoncada.edu.ec\/index.php\/inscripcion-y-matricula\/","title":{"rendered":"Matr\u00edcula"},"content":{"rendered":"<h1><span style=\"color: #003366; font-size: 18pt;\"><strong><span style=\"font-family: georgia, palatino, serif;\">Informaci\u00f3n<\/span><\/strong><\/span><\/h1>\n<p><span style=\"font-size: 14pt; color: #003366; font-family: georgia, palatino, serif;\">El Colegio Jos\u00e9 Moncada S\u00e1nchez offers su Servicio Educativo de un J\u00f3venes y Adultos (mayores de 15 a\u00f1os) Que no iniciaron o no concluyeron la Educaci\u00f3n B\u00e1sica y el Bachillerato.<\/span><\/p>\n<h1><span style=\"font-size: 14pt; color: #003366; font-family: georgia, palatino, serif;\">Educaci\u00f3n B\u00e1sica: <\/span><\/h1>\n<p><span style=\"color: #003366;\"><span style=\"font-size: 14pt; font-family: georgia, palatino, serif;\">(8vo, 9no, 10 meses) <\/span> <span style=\"font-size: 14pt; font-family: georgia, palatino, serif;\">(Modalidad: Semipresencial ya Distancia) <\/span> <span style=\"font-size: 14pt; font-family: georgia, palatino, serif;\">Inicio de clases: 21 de marzo 2015 <\/span> <span style=\"font-size: 14pt; font-family: georgia, palatino, serif;\">Finalizaci\u00f3n de clases: 29 de agosto 2015<\/span><\/span><\/p>\n<div id=\"WRchTxtp\" class=\"s6\" data-reactid=\".0.$SITE_ROOT.$desktop_siteRoot.$PAGES_CONTAINER.1.1.$SITE_PAGES.$c1wfv.1.$Cntnr4.1.$WRchTxtp\">\n<h1 class=\"font_7\"><span style=\"font-size: 14pt; color: #003366; font-family: georgia, palatino, serif;\">Bachillerato:<\/span><\/h1>\n<p class=\"font_7\"><span style=\"color: #003366;\"><span style=\"font-size: 14pt; font-family: georgia, palatino, serif;\">(1ero, 2do 3ero) <\/span> <span style=\"font-size: 14pt; font-family: georgia, palatino, serif;\">Modalidad Semipresencial ya Distancia <\/span> <span style=\"font-size: 14pt; font-family: georgia, palatino, serif;\">1) Ciclo Costa: Mayo 2015 &#8211; Febrero 2016 <\/span> <span style=\"font-size: 14pt; font-family: georgia, palatino, serif;\">2) Ciclo Sierra: Septiembre 2015 &#8211; Junio \u200b\u200b2016<\/span><\/span><\/p>\n<\/div>\n<h1><span style=\"font-size: 14pt; font-family: georgia, palatino, serif; color: #003366;\"><strong>Inversi\u00f3n:<\/strong><\/span><\/h1>\n<p><span style=\"font-size: 14pt; color: #003366; font-family: georgia, palatino, serif;\"> Matr\u00edcula: $ 25.00<\/span><\/p>\n<p><span style=\"font-size: 14pt; color: #003366; font-family: georgia, palatino, serif;\"> Pensi\u00f3n: 40.00 $<\/span><\/p>\n<p><a href=\"http:\/\/colegiojmoncada.edu.ec\/wp-content\/uploads\/2015\/09\/descarga.jpg\"><img loading=\"lazy\" decoding=\"async\" class=\"alignnone size-full wp-image-166\" src=\"http:\/\/colegiojmoncada.edu.ec\/wp-content\/uploads\/2015\/09\/descarga.jpg\" alt=\"Descarga\" width=\"275\" height=\"183\" srcset=\"https:\/\/colegiojmoncada.edu.ec\/wp-content\/uploads\/2015\/09\/descarga.jpg 275w, https:\/\/colegiojmoncada.edu.ec\/wp-content\/uploads\/2015\/09\/descarga-250x166.jpg 250w\" sizes=\"(max-width: 275px) 100vw, 275px\" \/><\/a><\/p>\n","protected":false},"excerpt":{"rendered":"<p>Informaci\u00f3n El Colegio Jos\u00e9 Moncada S\u00e1nchez offers su Servicio Educativo de un J\u00f3venes y Adultos (mayores de 15 a\u00f1os) Que no iniciaron o no concluyeron la Educaci\u00f3n B\u00e1sica y el Bachillerato. Educaci\u00f3n B\u00e1sica: (8vo, 9no, 10 meses) (Modalidad: Semipresencial ya Distancia) Inicio de clases: 21 de marzo 2015 Finalizaci\u00f3n de clases: 29 de agosto 2015&nbsp;&hellip;<\/p>\n","protected":false},"author":1,"featured_media":0,"parent":0,"menu_order":0,"comment_status":"closed","ping_status":"closed","template":"","meta":{"footnotes":"","_joinchat":[]},"_links":{"self":[{"href":"https:\/\/colegiojmoncada.edu.ec\/index.php\/wp-json\/wp\/v2\/pages\/81"}],"collection":[{"href":"https:\/\/colegiojmoncada.edu.ec\/index.php\/wp-json\/wp\/v2\/pages"}],"about":[{"href":"https:\/\/colegiojmoncada.edu.ec\/index.php\/wp-json\/wp\/v2\/types\/page"}],"author":[{"embeddable":true,"href":"https:\/\/colegiojmoncada.edu.ec\/index.php\/wp-json\/wp\/v2\/users\/1"}],"replies":[{"embeddable":true,"href":"https:\/\/colegiojmoncada.edu.ec\/index.php\/wp-json\/wp\/v2\/comments?post=81"}],"version-history":[{"count":8,"href":"https:\/\/colegiojmoncada.edu.ec\/index.php\/wp-json\/wp\/v2\/pages\/81\/revisions"}],"predecessor-version":[{"id":227,"href":"https:\/\/colegiojmoncada.edu.ec\/index.php\/wp-json\/wp\/v2\/pages\/81\/revisions\/227"}],"wp:attachment":[{"href":"https:\/\/colegiojmoncada.edu.ec\/index.php\/wp-json\/wp\/v2\/media?parent=81"}],"curies":[{"name":"wp","href":"https:\/\/api.w.org\/{rel}","templated":true}]}}