{"id":83,"date":"2015-09-14T03:44:55","date_gmt":"2015-09-14T03:44:55","guid":{"rendered":"http:\/\/colegiojmoncada.edu.ec\/?page_id=83"},"modified":"2015-09-27T04:17:08","modified_gmt":"2015-09-27T04:17:08","slug":"oferta-educativa","status":"publish","type":"page","link":"https:\/\/colegiojmoncada.edu.ec\/index.php\/oferta-educativa\/","title":{"rendered":"Oferta Educativa"},"content":{"rendered":"<div id=\"WRchTxtw\" data-reactid=\".0.$SITE_ROOT.$desktop_siteRoot.$PAGES_CONTAINER.1.1.$SITE_PAGES.$c8hd.1.$Cntnr1.1.$WRchTxtw\">\n<h1><span style=\"font-size: 12pt; color: #003366;\">Educaci\u00f3n General B\u00e1sica (EGB):<\/span><\/h1>\n<h1><span style=\"font-size: 12pt; color: #003366;\">8\u00b0 9\u00b0 y 10\u00b0 a\u00f1o<\/span><\/h1>\n<\/div>\n<h1 id=\"WPhtb\" title=\"images (1).jpg\" data-exact-height=\"NaN\" data-content-padding-horizontal=\"12\" data-content-padding-vertical=\"12\" data-reactid=\".0.$SITE_ROOT.$desktop_siteRoot.$PAGES_CONTAINER.1.1.$SITE_PAGES.$c8hd.1.$Cntnr1.1.$WPhtb\"><span style=\"font-size: 12pt; color: #003366;\">\u00a0<\/span><\/h1>\n<div id=\"WRchTxtx\" data-reactid=\".0.$SITE_ROOT.$desktop_siteRoot.$PAGES_CONTAINER.1.1.$SITE_PAGES.$c8hd.1.$Cntnr1.1.$WRchTxtx\">\n<h1><span style=\"font-size: 12pt; color: #003366;\">Bachillerato:<\/span><\/h1>\n<h1><span style=\"font-size: 12pt; color: #003366;\">1\u00b0 2\u00b0 y 3\u00b0 en las especialidades de:\u200b<\/span><\/h1>\n<ul>\n<li>\n<h1><span style=\"font-size: 12pt; color: #003366;\">Bachillerato General Unificado (BGU)<\/span><\/h1>\n<\/li>\n<li>\n<h1><span style=\"font-size: 12pt; color: #003366;\">Bachillerato T\u00e9cnico en Contabilidad y Administraci\u00f3n<\/span><\/h1>\n<\/li>\n<li>\n<h1><span style=\"font-size: 12pt; color: #003366;\">Bachillerato T\u00e9cnico en Inform\u00e1tica<\/span><\/h1>\n<\/li>\n<\/ul>\n<\/div>\n","protected":false},"excerpt":{"rendered":"<p>Educaci\u00f3n General B\u00e1sica (EGB): 8\u00b0 9\u00b0 y 10\u00b0 a\u00f1o \u00a0 Bachillerato: 1\u00b0 2\u00b0 y 3\u00b0 en las especialidades de:\u200b Bachillerato General Unificado (BGU) Bachillerato T\u00e9cnico en Contabilidad y Administraci\u00f3n Bachillerato T\u00e9cnico en Inform\u00e1tica<\/p>\n","protected":false},"author":1,"featured_media":0,"parent":0,"menu_order":0,"comment_status":"closed","ping_status":"closed","template":"","meta":{"footnotes":"","_joinchat":[]},"_links":{"self":[{"href":"https:\/\/colegiojmoncada.edu.ec\/index.php\/wp-json\/wp\/v2\/pages\/83"}],"collection":[{"href":"https:\/\/colegiojmoncada.edu.ec\/index.php\/wp-json\/wp\/v2\/pages"}],"about":[{"href":"https:\/\/colegiojmoncada.edu.ec\/index.php\/wp-json\/wp\/v2\/types\/page"}],"author":[{"embeddable":true,"href":"https:\/\/colegiojmoncada.edu.ec\/index.php\/wp-json\/wp\/v2\/users\/1"}],"replies":[{"embeddable":true,"href":"https:\/\/colegiojmoncada.edu.ec\/index.php\/wp-json\/wp\/v2\/comments?post=83"}],"version-history":[{"count":4,"href":"https:\/\/colegiojmoncada.edu.ec\/index.php\/wp-json\/wp\/v2\/pages\/83\/revisions"}],"predecessor-version":[{"id":175,"href":"https:\/\/colegiojmoncada.edu.ec\/index.php\/wp-json\/wp\/v2\/pages\/83\/revisions\/175"}],"wp:attachment":[{"href":"https:\/\/colegiojmoncada.edu.ec\/index.php\/wp-json\/wp\/v2\/media?parent=83"}],"curies":[{"name":"wp","href":"https:\/\/api.w.org\/{rel}","templated":true}]}}