{"id":89,"date":"2015-09-14T03:46:14","date_gmt":"2015-09-14T03:46:14","guid":{"rendered":"http:\/\/colegiojmoncada.edu.ec\/?page_id=89"},"modified":"2015-09-27T04:16:20","modified_gmt":"2015-09-27T04:16:20","slug":"historia","status":"publish","type":"page","link":"https:\/\/colegiojmoncada.edu.ec\/index.php\/historia\/","title":{"rendered":"Historia"},"content":{"rendered":"<h2 class=\"font_2\"><span class=\"color_4\" style=\"color: #003366; font-size: 12pt;\">COLEGIO VIRTUAL JOS\u00c9 MONCADA S\u00c1NCHEZ<\/span><\/h2>\n<p class=\"font_8\"><span class=\"color_2\" style=\"color: #003366; font-size: 12pt;\">En el Cant\u00f3n Rumi\u00f1ahui se han instalado diversas e importantes empresas industriales, comerciales y financieras. Todas estas empresas requieren recursos humanos debidamente capacitados en varios campos del servicio y la tecnolog\u00eda para as\u00ed poder realizar sus actividades productivas con el mayor grado de eficiencia y efectividad.<\/span><\/p>\n<p class=\"font_8\"><span class=\"color_2\" style=\"color: #003366; font-size: 12pt;\">Frente a esta realidad se funda el COLEGIO A DISTANCIA JOS\u00c9 MONCADA S\u00c1NCHEZ, en sus modalidades: VIRTUAL Y SEMIPRESENCIAL, creado mediante Acuerdo Ministerial N\u00ba 1851\/09, para atender la demanda de Educaci\u00f3n B\u00e1sica y de Bachillerato de la poblaci\u00f3n del Cant\u00f3n Rumi\u00f1ahui y el Valle de los Chillos.<\/span><\/p>\n<p class=\"font_8\"><span class=\"color_2\" style=\"color: #003366; font-size: 12pt;\">Esta nueva instituci\u00f3n educativa para personas con escolaridad inconclusa (PCEI) est\u00e1 dirigida a j\u00f3venes y adultos mayores de 15 a\u00f1os y que tengan la firme convicci\u00f3n de alcanzar una mejor calidad de vida a trav\u00e9s de la educaci\u00f3n.<\/span><\/p>\n<p class=\"font_8\"><span style=\"color: #003366; font-size: 12pt;\"><strong><span class=\"color_4\">RESE\u00d1A HIST\u00d3RICA<\/span><\/strong><\/span><\/p>\n<p class=\"font_8\"><span class=\"color_2\" style=\"color: #003366; font-size: 12pt;\">El Ministerio de Educaci\u00f3n expide el Acuerdo N\u00ba 1851\/09, el 13 de abril del 2009, mediante el cual otorga la autorizaci\u00f3n de funcionamiento del Colegio a Distancia Jos\u00e9 Moncada S\u00e1nchez como un reconocimiento a sus fundadores y a su Patrono: maestros de vocaci\u00f3n y profesi\u00f3n.<\/span><\/p>\n","protected":false},"excerpt":{"rendered":"<p>COLEGIO VIRTUAL JOS\u00c9 MONCADA S\u00c1NCHEZ En el Cant\u00f3n Rumi\u00f1ahui se han instalado diversas e importantes empresas industriales, comerciales y financieras. Todas estas empresas requieren recursos humanos debidamente capacitados en varios campos del servicio y la tecnolog\u00eda para as\u00ed poder realizar sus actividades productivas con el mayor grado de eficiencia y efectividad. Frente a esta realidad&nbsp;&hellip;<\/p>\n","protected":false},"author":1,"featured_media":0,"parent":0,"menu_order":0,"comment_status":"closed","ping_status":"closed","template":"","meta":{"footnotes":"","_joinchat":[]},"_links":{"self":[{"href":"https:\/\/colegiojmoncada.edu.ec\/index.php\/wp-json\/wp\/v2\/pages\/89"}],"collection":[{"href":"https:\/\/colegiojmoncada.edu.ec\/index.php\/wp-json\/wp\/v2\/pages"}],"about":[{"href":"https:\/\/colegiojmoncada.edu.ec\/index.php\/wp-json\/wp\/v2\/types\/page"}],"author":[{"embeddable":true,"href":"https:\/\/colegiojmoncada.edu.ec\/index.php\/wp-json\/wp\/v2\/users\/1"}],"replies":[{"embeddable":true,"href":"https:\/\/colegiojmoncada.edu.ec\/index.php\/wp-json\/wp\/v2\/comments?post=89"}],"version-history":[{"count":5,"href":"https:\/\/colegiojmoncada.edu.ec\/index.php\/wp-json\/wp\/v2\/pages\/89\/revisions"}],"predecessor-version":[{"id":174,"href":"https:\/\/colegiojmoncada.edu.ec\/index.php\/wp-json\/wp\/v2\/pages\/89\/revisions\/174"}],"wp:attachment":[{"href":"https:\/\/colegiojmoncada.edu.ec\/index.php\/wp-json\/wp\/v2\/media?parent=89"}],"curies":[{"name":"wp","href":"https:\/\/api.w.org\/{rel}","templated":true}]}}