{"id":91,"date":"2015-09-14T03:46:47","date_gmt":"2015-09-14T03:46:47","guid":{"rendered":"http:\/\/colegiojmoncada.edu.ec\/?page_id=91"},"modified":"2015-09-27T04:13:33","modified_gmt":"2015-09-27T04:13:33","slug":"vision-y-mision","status":"publish","type":"page","link":"https:\/\/colegiojmoncada.edu.ec\/index.php\/vision-y-mision\/","title":{"rendered":"Visi\u00f3n y Misi\u00f3n"},"content":{"rendered":"<p class=\"font_8\"><span style=\"font-size: 12pt; color: #003366; font-family: georgia, palatino, serif;\"><strong><span class=\"color_4\">MISI\u00d3N<\/span><\/strong><\/span><\/p>\n<p class=\"font_8\"><span class=\"color_2\" style=\"font-size: 12pt; color: #003366; font-family: georgia, palatino, serif;\">El Colegio \u201cJos\u00e9 Moncada S\u00e1nchez\u201d con sus modalidades: Virtual y Semipresencial, es una instituci\u00f3n que atiende a la poblaci\u00f3n con escolaridad tanto en la Educaci\u00f3n B\u00e1sica como en el Bachillerato y que demuestre su deseo de formaci\u00f3n y superaci\u00f3n a trav\u00e9s de la participaci\u00f3n en nuestra Instituci\u00f3n, la misma que dispone de una propuesta educativa flexible y acorde a las posibilidades econ\u00f3micas y de tiempo, a fin de formar estudiantes de Educaci\u00f3n B\u00e1sica, Bachilleres Generales y T\u00e9cnicos en Contabilidad e Inform\u00e1tica con solvencia acad\u00e9mica, capaces de emprender actividades que solventen su econom\u00eda, con probado acervo cultural que les posibilite desenvolverse en la sociedad y que puedan optar por estudios superiores.<\/span><\/p>\n<p class=\"font_8\"><span style=\"font-size: 12pt; color: #003366; font-family: georgia, palatino, serif;\"><strong><span class=\"color_4\">VISI\u00d3N<\/span><\/strong><\/span><\/p>\n<p class=\"font_8\"><span class=\"color_2\" style=\"font-size: 12pt; color: #003366; font-family: georgia, palatino, serif;\">Aspiramos que nuestra Instituci\u00f3n se convierta en una alternativa en el proceso educativo, que los y las estudiantes demuestren un alto sentido patri\u00f3tico, desarrollen su capacidad creativa, alcancen los est\u00e1ndares educativos nacionales mediante la implementaci\u00f3n de innovaciones pedag\u00f3gicas y el manejo de las tecnolog\u00edas de informaci\u00f3n y comunicaci\u00f3n, que sean l\u00edderes honestos y comprometidos con los retos de una nueva sociedad.<\/span><\/p>\n","protected":false},"excerpt":{"rendered":"<p>MISI\u00d3N El Colegio \u201cJos\u00e9 Moncada S\u00e1nchez\u201d con sus modalidades: Virtual y Semipresencial, es una instituci\u00f3n que atiende a la poblaci\u00f3n con escolaridad tanto en la Educaci\u00f3n B\u00e1sica como en el Bachillerato y que demuestre su deseo de formaci\u00f3n y superaci\u00f3n a trav\u00e9s de la participaci\u00f3n en nuestra Instituci\u00f3n, la misma que dispone de una propuesta&nbsp;&hellip;<\/p>\n","protected":false},"author":1,"featured_media":0,"parent":0,"menu_order":0,"comment_status":"closed","ping_status":"closed","template":"","meta":{"footnotes":"","_joinchat":[]},"_links":{"self":[{"href":"https:\/\/colegiojmoncada.edu.ec\/index.php\/wp-json\/wp\/v2\/pages\/91"}],"collection":[{"href":"https:\/\/colegiojmoncada.edu.ec\/index.php\/wp-json\/wp\/v2\/pages"}],"about":[{"href":"https:\/\/colegiojmoncada.edu.ec\/index.php\/wp-json\/wp\/v2\/types\/page"}],"author":[{"embeddable":true,"href":"https:\/\/colegiojmoncada.edu.ec\/index.php\/wp-json\/wp\/v2\/users\/1"}],"replies":[{"embeddable":true,"href":"https:\/\/colegiojmoncada.edu.ec\/index.php\/wp-json\/wp\/v2\/comments?post=91"}],"version-history":[{"count":3,"href":"https:\/\/colegiojmoncada.edu.ec\/index.php\/wp-json\/wp\/v2\/pages\/91\/revisions"}],"predecessor-version":[{"id":171,"href":"https:\/\/colegiojmoncada.edu.ec\/index.php\/wp-json\/wp\/v2\/pages\/91\/revisions\/171"}],"wp:attachment":[{"href":"https:\/\/colegiojmoncada.edu.ec\/index.php\/wp-json\/wp\/v2\/media?parent=91"}],"curies":[{"name":"wp","href":"https:\/\/api.w.org\/{rel}","templated":true}]}}